{"id":1040,"date":"2026-03-13T11:30:53","date_gmt":"2026-03-13T10:30:53","guid":{"rendered":"https:\/\/simgolfscandinavia.com\/gs-pro\/"},"modified":"2026-03-23T14:18:43","modified_gmt":"2026-03-23T13:18:43","slug":"gs-pro","status":"publish","type":"page","link":"https:\/\/simgolfscandinavia.com\/is\/gs-pro\/","title":{"rendered":"Gs Pro"},"content":{"rendered":"<div class=\"et_pb_section_0 et_pb_section et_section_regular et_block_section\">\n<div class=\"et_pb_row_0 et_pb_row et_block_row\">\n<div class=\"et_pb_column_0 et_pb_column et_pb_column_4_4 et-last-child et_flex_column et_pb_css_mix_blend_mode_passthrough\">\n<div class=\"et_pb_group_0 et_pb_group et_pb_module et_flex_group et_pb_css_mix_blend_mode_passthrough\">\n<div class=\"et_pb_text_0 et_pb_text et_pb_bg_layout_light et_clickable et_pb_module et_flex_module\"><div class=\"et_pb_text_inner\"><p>Heim<\/p>\n<\/div><\/div>\n\n<div class=\"et_pb_text_1 et_pb_text et_pb_bg_layout_light et_pb_module et_flex_module\"><div class=\"et_pb_text_inner\"><p>\/ Gs-Pro<\/p>\n<\/div><\/div>\n<\/div>\n\n<div class=\"et_pb_text_2 et_pb_text et_pb_bg_layout_light et_pb_module et_flex_module\"><div class=\"et_pb_text_inner\"><p>Hugb\u00fana\u00f0ur<\/p>\n<\/div><\/div>\n\n<div class=\"et_pb_text_3 et_pb_text et_pb_bg_layout_light et_pb_module et_flex_module\"><div class=\"et_pb_text_inner\"><h1>GS PRO<\/h1>\n<\/div><\/div>\n\n<div class=\"et_pb_text_4 et_pb_text et_pb_bg_layout_light et_pb_module et_flex_module\"><div class=\"et_pb_text_inner\"><p>Lei\u00f0andi vettvangurinn fyrir golfherma \u2013 n\u00fa f\u00e1anlegur me\u00f0 GolfIn-hermum.<\/p>\n<\/div><\/div>\n\n<div class=\"et_pb_image_0 et_pb_image et_pb_module et_flex_module image-fit\"><span class=\"et_pb_image_wrap\"><img loading=\"lazy\" decoding=\"async\" src=\"https:\/\/simgolfscandinavia.com\/wp-content\/uploads\/2026\/03\/gspro-hero-C7d5F8qh.png\" title=\"GS PRO\" width=\"900\" height=\"500\" srcset=\"https:\/\/simgolfscandinavia.com\/wp-content\/uploads\/2026\/03\/gspro-hero-C7d5F8qh.png 900w, https:\/\/simgolfscandinavia.com\/wp-content\/uploads\/2026\/03\/gspro-hero-C7d5F8qh-480x267.png 480w\" sizes=\"(min-width: 0px) and (max-width: 480px) 480px, (min-width: 481px) 900px, 100vw\" class=\"wp-image-291\" \/><\/span><\/div>\n<\/div>\n<\/div>\n\n<div class=\"et_pb_row_1 et_pb_row et_flex_row\">\n<div class=\"et_pb_column_1 et_pb_column et-last-child et_flex_column et_pb_css_mix_blend_mode_passthrough et_flex_column_24_24 et_flex_column_24_24_tablet et_flex_column_24_24_phone et_flex_column_24_24_phoneWide et_flex_column_24_24_tabletWide\">\n<div class=\"et_pb_text_5 et_pb_text et_pb_bg_layout_light et_pb_module et_flex_module\"><div class=\"et_pb_text_inner\"><h2>GSPro \u2013 Lei\u00f0andi vettvangurinn fyrir golfherma<\/h2>\n<\/div><\/div>\n\n<div class=\"et_pb_text_6 et_pb_text et_pb_bg_layout_light et_pb_module et_flex_module\"><div class=\"et_pb_text_inner\"><h4>Allt \u00e1 s\u00ednum sta\u00f0 fyrir bestu leikupplifunina!<\/h4>\n<\/div><\/div>\n\n<div class=\"et_pb_text_7 et_pb_text et_pb_bg_layout_light et_pb_module et_flex_module\"><div class=\"et_pb_text_inner\"><p>GSPro er marka\u00f0slei\u00f0andi hugb\u00fana\u00f0ur fyrir golfherma \u2013 n\u00fa f\u00e1anlegur me\u00f0 GolfIn-hermum! Me\u00f0 fr\u00e1b\u00e6rri 4K-graf\u00edk, ofurraunverulegri boltahreyfingu og \u00f6flugu samf\u00e9lagi sem \u00fer\u00f3ar st\u00f6\u00f0ugt n\u00fdja velli og eiginleika, f\u00e6r\u00f0u upplifun sem er eins n\u00e1l\u00e6gt raunverulegu golfi og h\u00e6gt er. <\/p>\n<p>GSPro er bygg\u00f0ur fr\u00e1 grunni til a\u00f0 vera raunverulegur golfhermir \u2013 ekki leikur sem hefur veri\u00f0 breytt. \u00deetta er raunveruleg golfhermun. <\/p>\n<\/div><\/div>\n<\/div>\n<\/div>\n\n<div class=\"et_pb_row_2 et_pb_row et_flex_row\">\n<div class=\"et_pb_column_2 et_pb_column et_flex_column et_pb_css_mix_blend_mode_passthrough et_flex_column_12_24 et_flex_column_24_24_tablet et_flex_column_24_24_phone et_flex_column_24_24_phoneWide et_flex_column_12_24_tabletWide\">\n<div class=\"et_pb_image_1 et_pb_image et_pb_module et_flex_module\"><span class=\"et_pb_image_wrap\"><img loading=\"lazy\" decoding=\"async\" src=\"https:\/\/simgolfscandinavia.com\/wp-content\/uploads\/2026\/03\/gspro-golfin-ui-DrN_NYJb-1024x576-1.webp\" title=\"gspro-golfin-ui-DrN_NYJb-1024x576\" width=\"1024\" height=\"576\" srcset=\"https:\/\/simgolfscandinavia.com\/wp-content\/uploads\/2026\/03\/gspro-golfin-ui-DrN_NYJb-1024x576-1.webp 1024w, https:\/\/simgolfscandinavia.com\/wp-content\/uploads\/2026\/03\/gspro-golfin-ui-DrN_NYJb-1024x576-1-980x551.webp 980w, https:\/\/simgolfscandinavia.com\/wp-content\/uploads\/2026\/03\/gspro-golfin-ui-DrN_NYJb-1024x576-1-480x270.webp 480w\" sizes=\"(min-width: 0px) and (max-width: 480px) 480px, (min-width: 481px) and (max-width: 980px) 980px, (min-width: 981px) 1024px, 100vw\" class=\"wp-image-304\" \/><\/span><\/div>\n<\/div>\n\n<div class=\"et_pb_column_3 et_pb_column et-last-child et_flex_column et_pb_css_mix_blend_mode_passthrough et_flex_column_12_24 et_flex_column_24_24_tablet et_flex_column_24_24_phone et_flex_column_24_24_phoneWide et_flex_column_12_24_tabletWide\">\n<div class=\"et_pb_image_2 et_pb_image et_pb_module et_flex_module\"><span class=\"et_pb_image_wrap\"><img loading=\"lazy\" decoding=\"async\" src=\"https:\/\/simgolfscandinavia.com\/wp-content\/uploads\/2026\/03\/gspro-logo-Dt5QGw8Z.png\" title=\"gspro-logo-Dt5QGw8Z\" width=\"573\" height=\"68\" srcset=\"https:\/\/simgolfscandinavia.com\/wp-content\/uploads\/2026\/03\/gspro-logo-Dt5QGw8Z.png 573w, https:\/\/simgolfscandinavia.com\/wp-content\/uploads\/2026\/03\/gspro-logo-Dt5QGw8Z-480x57.png 480w\" sizes=\"(min-width: 0px) and (max-width: 480px) 480px, (min-width: 481px) 573px, 100vw\" class=\"wp-image-305\" \/><\/span><\/div>\n\n<div class=\"et_pb_text_8 et_pb_text et_pb_bg_layout_light et_pb_module et_flex_module\"><div class=\"et_pb_text_inner\"><h3>GSPro-upplifunin er f\u00e6r\u00f0 \u00e1 n\u00fdjar h\u00e6\u00f0ir me\u00f0 einstakri sam\u00fe\u00e6ttingu GolfIn<\/h3>\n<\/div><\/div>\n\n<div class=\"et_pb_text_9 et_pb_text et_pb_bg_layout_light et_pb_module et_flex_module\"><div class=\"et_pb_text_inner\"><p>Nj\u00f3ttu notendav\u00e6ns valmyndar sem veitir \u00fe\u00e9r au\u00f0veldan a\u00f0gang a\u00f0 \u00f6llum skipunum \u2013 \u00e1samt einkar\u00e9ttri h\u00f6gggreiningu GolfIn sem lyftir \u00e6fingum \u00fe\u00ednum og leikgle\u00f0i \u00e1 n\u00e6sta stig!<\/p>\n<\/div><\/div>\n<\/div>\n<\/div>\n\n<div class=\"et_pb_row_3 et_pb_row et_flex_row\">\n<div class=\"et_pb_column_4 et_pb_column et_flex_column et_pb_css_mix_blend_mode_passthrough et_flex_column_12_24 et_flex_column_24_24_tablet et_flex_column_24_24_phone et_flex_column_24_24_phoneWide et_flex_column_12_24_tabletWide\">\n<div class=\"et_pb_image_3 et_pb_image et_pb_module et_flex_module\"><span class=\"et_pb_image_wrap\"><img loading=\"lazy\" decoding=\"async\" src=\"https:\/\/simgolfscandinavia.com\/wp-content\/uploads\/2026\/03\/gspro-screenshot-1-J8FaVwwK-1.webp\" title=\"gspro-screenshot-1-J8FaVwwK (1)\" width=\"900\" height=\"500\" srcset=\"https:\/\/simgolfscandinavia.com\/wp-content\/uploads\/2026\/03\/gspro-screenshot-1-J8FaVwwK-1.webp 900w, https:\/\/simgolfscandinavia.com\/wp-content\/uploads\/2026\/03\/gspro-screenshot-1-J8FaVwwK-1-480x267.webp 480w\" sizes=\"(min-width: 0px) and (max-width: 480px) 480px, (min-width: 481px) 900px, 100vw\" class=\"wp-image-306\" \/><\/span><\/div>\n<\/div>\n\n<div class=\"et_pb_column_5 et_pb_column et-last-child et_flex_column et_pb_css_mix_blend_mode_passthrough et_flex_column_12_24 et_flex_column_24_24_tablet et_flex_column_24_24_phone et_flex_column_24_24_phoneWide et_flex_column_12_24_tabletWide\">\n<div class=\"et_pb_image_4 et_pb_image et_pb_module et_flex_module\"><span class=\"et_pb_image_wrap\"><img loading=\"lazy\" decoding=\"async\" src=\"https:\/\/simgolfscandinavia.com\/wp-content\/uploads\/2026\/03\/gspro-screenshot-2-B29_PuEw.webp\" title=\"gspro-screenshot-2-B29_PuEw\" width=\"900\" height=\"500\" srcset=\"https:\/\/simgolfscandinavia.com\/wp-content\/uploads\/2026\/03\/gspro-screenshot-2-B29_PuEw.webp 900w, https:\/\/simgolfscandinavia.com\/wp-content\/uploads\/2026\/03\/gspro-screenshot-2-B29_PuEw-480x267.webp 480w\" sizes=\"(min-width: 0px) and (max-width: 480px) 480px, (min-width: 481px) 900px, 100vw\" class=\"wp-image-307\" \/><\/span><\/div>\n<\/div>\n<\/div>\n\n<div class=\"et_pb_row_4 et_pb_row et_flex_row image-fit\">\n<div class=\"et_pb_column_6 et_pb_column et_flex_column et_pb_css_mix_blend_mode_passthrough et_flex_column_8_24 et_flex_column_12_24_tablet et_flex_column_24_24_phone et_flex_column_24_24_phoneWide et_flex_column_8_24_tabletWide\">\n<div class=\"et_pb_icon_0 et_pb_icon et_pb_module et_flex_module\"><span class=\"et_pb_icon_wrap\"><span class=\"et-pb-icon\">\uf108<\/span><\/span><\/div>\n\n<div class=\"et_pb_group_1 et_pb_group et-last-child et_pb_module et_flex_group et_pb_css_mix_blend_mode_passthrough\">\n<div class=\"et_pb_text_10 et_pb_text et_pb_bg_layout_light et_pb_module et_flex_module\"><div class=\"et_pb_text_inner\"><p>4K-graf\u00edk<\/p>\n<\/div><\/div>\n\n<div class=\"et_pb_text_11 et_pb_text et_pb_bg_layout_light et_pb_module et_flex_module\"><div class=\"et_pb_text_inner\"><p>Fr\u00e1b\u00e6rt og l\u00edflegt leikumhverfi byggt \u00e1 Unity-v\u00e9linni.<\/p>\n<\/div><\/div>\n<\/div>\n<\/div>\n\n<div class=\"et_pb_column_7 et_pb_column et_flex_column et_pb_css_mix_blend_mode_passthrough et_flex_column_8_24 et_flex_column_12_24_tablet et_flex_column_24_24_phone et_flex_column_24_24_phoneWide et_flex_column_8_24_tabletWide\">\n<div class=\"et_pb_icon_1 et_pb_icon et_pb_module et_flex_module\"><span class=\"et_pb_icon_wrap\"><span class=\"et-pb-icon\">\uf0c0<\/span><\/span><\/div>\n\n<div class=\"et_pb_group_2 et_pb_group et-last-child et_pb_module et_flex_group et_pb_css_mix_blend_mode_passthrough\">\n<div class=\"et_pb_text_12 et_pb_text et_pb_bg_layout_light et_pb_module et_flex_module\"><div class=\"et_pb_text_inner\"><p>Spilun \u00e1 sta\u00f0num og \u00e1 netinu<\/p>\n<\/div><\/div>\n\n<div class=\"et_pb_text_13 et_pb_text et_pb_bg_layout_light et_pb_module et_flex_module\"><div class=\"et_pb_text_inner\"><p>Spila\u00f0u me\u00f0 allt a\u00f0 8 leikm\u00f6nnum \u2013 \u00e1 sta\u00f0num e\u00f0a \u00e1 netinu \u2013 \u00ed h\u00f6ggleik, scramble, stableford, holukeppni, besti bolti, foursome og fleiri leikformum.<\/p>\n<\/div><\/div>\n<\/div>\n<\/div>\n\n<div class=\"et_pb_column_8 et_pb_column et_flex_column et_pb_css_mix_blend_mode_passthrough et_flex_column_8_24 et_flex_column_12_24_tablet et_flex_column_24_24_phone et_flex_column_24_24_phoneWide et_flex_column_8_24_tabletWide\">\n<div class=\"et_pb_icon_2 et_pb_icon et_pb_module et_flex_module\"><span class=\"et_pb_icon_wrap\"><span class=\"et-pb-icon\">\uf11b<\/span><\/span><\/div>\n\n<div class=\"et_pb_group_3 et_pb_group et-last-child et_pb_module et_flex_group et_pb_css_mix_blend_mode_passthrough\">\n<div class=\"et_pb_text_14 et_pb_text et_pb_bg_layout_light et_pb_module et_flex_module\"><div class=\"et_pb_text_inner\"><p>Raunveruleg boltahreyfing<\/p>\n<\/div><\/div>\n\n<div class=\"et_pb_text_15 et_pb_text et_pb_bg_layout_light et_pb_module et_flex_module\"><div class=\"et_pb_text_inner\"><p>Einst\u00f6k bolta- og leike\u00f0lisfr\u00e6\u00f0i sem gerir GSPro einstakan \u00e1 marka\u00f0num. <\/p>\n<\/div><\/div>\n<\/div>\n<\/div>\n\n<div class=\"et_pb_column_9 et_pb_column et_flex_column et_pb_css_mix_blend_mode_passthrough et_flex_column_8_24 et_flex_column_12_24_tablet et_flex_column_24_24_phone et_flex_column_24_24_phoneWide et_flex_column_8_24_tabletWide\">\n<div class=\"et_pb_icon_3 et_pb_icon et_pb_module et_flex_module\"><span class=\"et_pb_icon_wrap\"><span class=\"et-pb-icon\">\uf16c<\/span><\/span><\/div>\n\n<div class=\"et_pb_group_4 et_pb_group et-last-child et_pb_module et_flex_group et_pb_css_mix_blend_mode_passthrough\">\n<div class=\"et_pb_text_16 et_pb_text et_pb_bg_layout_light et_pb_module et_flex_module\"><div class=\"et_pb_text_inner\"><p>St\u00f6\u00f0ug \u00fer\u00f3un<\/p>\n<\/div><\/div>\n\n<div class=\"et_pb_text_17 et_pb_text et_pb_bg_layout_light et_pb_module et_flex_module\"><div class=\"et_pb_text_inner\"><p>GSPro ver\u00f0ur s\u00edfellt betri \u2013 me\u00f0 reglulegum uppf\u00e6rslum og n\u00fdjum eiginleikum.<\/p>\n<\/div><\/div>\n<\/div>\n<\/div>\n\n<div class=\"et_pb_column_10 et_pb_column et_flex_column et_pb_css_mix_blend_mode_passthrough et_flex_column_8_24 et_flex_column_12_24_tablet et_flex_column_24_24_phone et_flex_column_24_24_phoneWide et_flex_column_8_24_tabletWide\">\n<div class=\"et_pb_icon_4 et_pb_icon et_pb_module et_flex_module\"><span class=\"et_pb_icon_wrap\"><span class=\"et-pb-icon\">\uf12e<\/span><\/span><\/div>\n\n<div class=\"et_pb_group_5 et_pb_group et-last-child et_pb_module et_flex_group et_pb_css_mix_blend_mode_passthrough\">\n<div class=\"et_pb_text_18 et_pb_text et_pb_bg_layout_light et_pb_module et_flex_module\"><div class=\"et_pb_text_inner\"><p>Einst\u00f6k sam\u00fe\u00e6tting vi\u00f0 GolfIn<\/p>\n<\/div><\/div>\n\n<div class=\"et_pb_text_19 et_pb_text et_pb_bg_layout_light et_pb_module et_flex_module\"><div class=\"et_pb_text_inner\"><p>F\u00e1\u00f0u au\u00f0veldan a\u00f0gang a\u00f0 \u00f6llum skipunum og n\u00fdttu \u00fe\u00e9r einkar\u00e9tta h\u00f6gggreiningu GolfIn.<\/p>\n<\/div><\/div>\n<\/div>\n<\/div>\n\n<div class=\"et_pb_column_11 et_pb_column et-last-child et_flex_column et_pb_css_mix_blend_mode_passthrough et_flex_column_8_24 et_flex_column_12_24_tablet et_flex_column_24_24_phone et_flex_column_24_24_phoneWide et_flex_column_8_24_tabletWide\">\n<div class=\"et_pb_icon_5 et_pb_icon et_pb_module et_flex_module\"><span class=\"et_pb_icon_wrap\"><span class=\"et-pb-icon\">\ue01f<\/span><\/span><\/div>\n\n<div class=\"et_pb_group_6 et_pb_group et-last-child et_pb_module et_flex_group et_pb_css_mix_blend_mode_passthrough\">\n<div class=\"et_pb_text_20 et_pb_text et_pb_bg_layout_light et_pb_module et_flex_module\"><div class=\"et_pb_text_inner\"><p>500+ vellir b\u00fanir til af notendum<\/p>\n<\/div><\/div>\n\n<div class=\"et_pb_text_21 et_pb_text et_pb_bg_layout_light et_pb_module et_flex_module\"><div class=\"et_pb_text_inner\"><p>Samf\u00e9lagi\u00f0 st\u00e6kkar \u00e1 hverjum degi! \u00de\u00fasundir h\u00e1g\u00e6\u00f0a golfvalla, lidar-bygg\u00f0ir og b\u00fanir til me\u00f0 OPCD-verkf\u00e6rum. <\/p>\n<\/div><\/div>\n<\/div>\n<\/div>\n<\/div>\n\n<div class=\"et_pb_row_5 et_pb_row et_flex_row\">\n<div class=\"et_pb_column_12 et_pb_column et-last-child et_flex_column et_pb_css_mix_blend_mode_passthrough et_flex_column_24_24 et_flex_column_24_24_tablet et_flex_column_24_24_phone et_flex_column_24_24_phoneWide et_flex_column_24_24_tabletWide\">\n<div class=\"et_pb_module et_pb_button_module_wrapper et_pb_button_0_wrapper\"><a class=\"et_pb_button_0 et_pb_button et_pb_bg_layout_light et_pb_module et_flex_module\" href=\"\">Haf\u00f0u samband vi\u00f0 okkur til a\u00f0 f\u00e1 frekari uppl\u00fdsingar<\/a><\/div>\n<\/div>\n<\/div>\n<\/div>","protected":false},"excerpt":{"rendered":"","protected":false},"author":1,"featured_media":0,"parent":0,"menu_order":0,"comment_status":"closed","ping_status":"closed","template":"","meta":{"content-type":"","footnotes":""},"class_list":["post-1040","page","type-page","status-publish","hentry"],"jetpack_sharing_enabled":true,"_links":{"self":[{"href":"https:\/\/simgolfscandinavia.com\/is\/wp-json\/wp\/v2\/pages\/1040","targetHints":{"allow":["GET"]}}],"collection":[{"href":"https:\/\/simgolfscandinavia.com\/is\/wp-json\/wp\/v2\/pages"}],"about":[{"href":"https:\/\/simgolfscandinavia.com\/is\/wp-json\/wp\/v2\/types\/page"}],"author":[{"embeddable":true,"href":"https:\/\/simgolfscandinavia.com\/is\/wp-json\/wp\/v2\/users\/1"}],"replies":[{"embeddable":true,"href":"https:\/\/simgolfscandinavia.com\/is\/wp-json\/wp\/v2\/comments?post=1040"}],"version-history":[{"count":2,"href":"https:\/\/simgolfscandinavia.com\/is\/wp-json\/wp\/v2\/pages\/1040\/revisions"}],"predecessor-version":[{"id":1049,"href":"https:\/\/simgolfscandinavia.com\/is\/wp-json\/wp\/v2\/pages\/1040\/revisions\/1049"}],"wp:attachment":[{"href":"https:\/\/simgolfscandinavia.com\/is\/wp-json\/wp\/v2\/media?parent=1040"}],"curies":[{"name":"wp","href":"https:\/\/api.w.org\/{rel}","templated":true}]}}