{"id":870,"date":"2026-03-13T11:31:19","date_gmt":"2026-03-13T10:31:19","guid":{"rendered":"https:\/\/simgolfscandinavia.com\/golfklubber\/"},"modified":"2026-03-23T14:06:52","modified_gmt":"2026-03-23T13:06:52","slug":"golfklubber","status":"publish","type":"page","link":"https:\/\/simgolfscandinavia.com\/da\/golfklubber\/","title":{"rendered":"Golfklubber"},"content":{"rendered":"<div class=\"et_pb_section_0 et_pb_section et_section_regular et_block_section\">\n<div class=\"et_pb_row_0 et_pb_row et_block_row\">\n<div class=\"et_pb_column_0 et_pb_column et_pb_column_4_4 et-last-child et_flex_column et_pb_css_mix_blend_mode_passthrough\">\n<div class=\"et_pb_group_0 et_pb_group et_pb_module et_flex_group et_pb_css_mix_blend_mode_passthrough\">\n<div class=\"et_pb_text_0 et_pb_text et_pb_bg_layout_light et_clickable et_pb_module et_flex_module\"><div class=\"et_pb_text_inner\"><p>Hjem<\/p>\n<\/div><\/div>\n\n<div class=\"et_pb_text_1 et_pb_text et_pb_bg_layout_light et_pb_module et_flex_module\"><div class=\"et_pb_text_inner\"><p>\/ Golf Clubs<\/p>\n<\/div><\/div>\n<\/div>\n\n<div class=\"et_pb_group_1 et_pb_group et_pb_module et_flex_group et_pb_css_mix_blend_mode_passthrough\">\n<div class=\"et_pb_text_2 et_pb_text et_pb_bg_layout_light et_pb_module et_flex_module\"><div class=\"et_pb_text_inner\"><p>Golfklubber og golfcentre<\/p>\n<\/div><\/div>\n<\/div>\n\n<div class=\"et_pb_text_3 et_pb_text et_pb_bg_layout_light et_pb_module et_flex_module\"><div class=\"et_pb_text_inner\"><h1>Golfens lavs\u00e6son er slut<\/h1>\n<\/div><\/div>\n\n<div class=\"et_pb_text_4 et_pb_text et_pb_bg_layout_light et_pb_module et_flex_module\"><div class=\"et_pb_text_inner\"><h4>Forvandl jeres vinterm\u00e5neder til hel\u00e5rsindt\u00e6gter \u2014<\/h4>\n<h4>med en komplet indend\u00f8rs golfl\u00f8sning og forretningssystem fra Simgolf Scandinavia.<\/h4>\n<\/div><\/div>\n\n<div class=\"et_pb_text_5 et_pb_text et_pb_bg_layout_light et_pb_module et_flex_module\"><div class=\"et_pb_text_inner\"><p>Fra topmoderne golfsimulatorer til smarte systemer til drift og booking \u2013 Simgolf Scandinavia er din komplette partner til en rentabel indend\u00f8rs golfsatsning. Sammen med vores internationale partner GolfIn tilbyder vi komplette l\u00f8sninger, der g\u00f8r det nemt at f\u00e5 succes. <\/p>\n<p>Uanset om du vil skabe nye indt\u00e6gter i lavs\u00e6sonen i din golfklub, supplere din forretning med en attraktiv aktivitet eller bygge et fuldskala indend\u00f8rs golfcenter, hj\u00e6lper vi dig hele vejen.<\/p>\n<\/div><\/div>\n<\/div>\n<\/div>\n\n<div class=\"et_pb_row_1 et_pb_row et_flex_row\">\n<div class=\"et_pb_column_1 et_pb_column et_flex_column et_pb_css_mix_blend_mode_passthrough et_flex_column_12_24 et_flex_column_24_24_tablet et_flex_column_24_24_phone et_flex_column_24_24_phoneWide et_flex_column_12_24_tabletWide\">\n<div class=\"et_pb_text_6 et_pb_text et_pb_bg_layout_light et_pb_module et_flex_module\"><div class=\"et_pb_text_inner\"><h2>Et gennemt\u00e6nkt koncept og st\u00e6rke partnere<\/h2>\n<\/div><\/div>\n\n<div class=\"et_pb_text_7 et_pb_text et_pb_bg_layout_light et_pb_module et_flex_module\"><div class=\"et_pb_text_inner\"><p>Med Simgolf Scandinavia f\u00e5r du personlig service, markedsledende simulatorer som IDRA II og SimBooth samt adgang til GolfIns gennempr\u00f8vede system og viden inden for drift, booking og forretningsudvikling.<\/p>\n<p>Kort sagt \u2013 du f\u00e5r ikke kun en golfsimulator, men et gennemt\u00e6nkt koncept, st\u00e6rke partnere og st\u00f8tte i hvert trin, fra id\u00e9 til f\u00e6rdigt anl\u00e6g og videre drift.<\/p>\n<p>Med mange \u00e5rs erfaring i at hj\u00e6lpe golfcentre med at tage n\u00e6ste skridt har GolfIn udviklet et kraftfuldt og brugervenligt forretningssystem til simulatorgolf.<\/p>\n<\/div><\/div>\n<\/div>\n\n<div class=\"et_pb_column_2 et_pb_column et-last-child et_flex_column et_pb_css_mix_blend_mode_passthrough et_flex_column_12_24 et_flex_column_24_24_tablet et_flex_column_24_24_phone et_flex_column_24_24_phoneWide et_flex_column_12_24_tabletWide\">\n<div class=\"et_pb_image_0 et_pb_image et_pb_module et_flex_module\"><span class=\"et_pb_image_wrap\"><img loading=\"lazy\" decoding=\"async\" src=\"https:\/\/simgolfscandinavia.com\/wp-content\/uploads\/2026\/03\/golfclub-management-DZE_97ov.png\" title=\"golfclub-management-DZE_97ov\" width=\"858\" height=\"728\" srcset=\"https:\/\/simgolfscandinavia.com\/wp-content\/uploads\/2026\/03\/golfclub-management-DZE_97ov.png 858w, https:\/\/simgolfscandinavia.com\/wp-content\/uploads\/2026\/03\/golfclub-management-DZE_97ov-480x407.png 480w\" sizes=\"(min-width: 0px) and (max-width: 480px) 480px, (min-width: 481px) 858px, 100vw\" class=\"wp-image-322\" \/><\/span><\/div>\n<\/div>\n<\/div>\n\n<div class=\"et_pb_row_2 et_pb_row et_flex_row\">\n<div class=\"et_pb_column_3 et_pb_column et-last-child et_flex_column et_pb_css_mix_blend_mode_passthrough et_flex_column_24_24 et_flex_column_24_24_tablet et_flex_column_24_24_phone et_flex_column_24_24_phoneWide et_flex_column_24_24_tabletWide\">\n<div class=\"et_pb_text_8 et_pb_text et_pb_bg_layout_light et_pb_module et_flex_module\"><div class=\"et_pb_text_inner\"><h2>Forretningssystemet, der forenkler din drift<\/h2>\n<\/div><\/div>\n<\/div>\n<\/div>\n\n<div class=\"et_pb_row_3 et_pb_row et_flex_row image-fit\">\n<div class=\"et_pb_column_4 et_pb_column et_flex_column et_pb_css_mix_blend_mode_passthrough et_flex_column_8_24 et_flex_column_12_24_tablet et_flex_column_24_24_phone et_flex_column_24_24_phoneWide et_flex_column_8_24_tabletWide\">\n<div class=\"et_pb_image_1 et_pb_image et_pb_module et_flex_module image-fit\"><span class=\"et_pb_image_wrap\"><img loading=\"lazy\" decoding=\"async\" src=\"https:\/\/simgolfscandinavia.com\/wp-content\/uploads\/2026\/03\/golfclub-booking-B7fA5WVX-1024x553-1.jpg\" title=\"golfclub-booking-B7fA5WVX-1024x553\" width=\"1024\" height=\"553\" srcset=\"https:\/\/simgolfscandinavia.com\/wp-content\/uploads\/2026\/03\/golfclub-booking-B7fA5WVX-1024x553-1.jpg 1024w, https:\/\/simgolfscandinavia.com\/wp-content\/uploads\/2026\/03\/golfclub-booking-B7fA5WVX-1024x553-1-980x529.jpg 980w, https:\/\/simgolfscandinavia.com\/wp-content\/uploads\/2026\/03\/golfclub-booking-B7fA5WVX-1024x553-1-480x259.jpg 480w\" sizes=\"(min-width: 0px) and (max-width: 480px) 480px, (min-width: 481px) and (max-width: 980px) 980px, (min-width: 981px) 1024px, 100vw\" class=\"wp-image-324\" \/><\/span><\/div>\n\n<div class=\"et_pb_group_2 et_pb_group et-last-child et_pb_module et_flex_group et_pb_css_mix_blend_mode_passthrough\">\n<div class=\"et_pb_icon_0 et_pb_icon et_pb_module et_flex_module\"><span class=\"et_pb_icon_wrap\"><span class=\"et-pb-icon\">\uf133<\/span><\/span><\/div>\n\n<div class=\"et_pb_text_9 et_pb_text et_pb_bg_layout_light et_pb_module et_flex_module\"><div class=\"et_pb_text_inner\"><p>Bookinger<\/p>\n<\/div><\/div>\n\n<div class=\"et_pb_text_10 et_pb_text et_pb_bg_layout_light et_pb_module et_flex_module\"><div class=\"et_pb_text_inner\"><p>Modtag bookinger b\u00e5de online og p\u00e5 stedet. Opret tilbagevendende bookinger, h\u00e5ndter \u00e5bningstider og f\u00e5 fuld kontrol over bel\u00e6gning \u2013 alt i \u00e9t system. <\/p>\n<\/div><\/div>\n<\/div>\n<\/div>\n\n<div class=\"et_pb_column_5 et_pb_column et_flex_column et_pb_css_mix_blend_mode_passthrough et_flex_column_8_24 et_flex_column_12_24_tablet et_flex_column_24_24_phone et_flex_column_24_24_phoneWide et_flex_column_8_24_tabletWide\">\n<div class=\"et_pb_image_2 et_pb_image et_pb_module et_flex_module image-fit\"><span class=\"et_pb_image_wrap\"><img loading=\"lazy\" decoding=\"async\" src=\"https:\/\/simgolfscandinavia.com\/wp-content\/uploads\/2026\/03\/golfclub-promo-6epPkBvN-1024x574-1-1.jpg\" title=\"golfclub-promo-6epPkBvN-1024x574 (1)\" width=\"1024\" height=\"574\" srcset=\"https:\/\/simgolfscandinavia.com\/wp-content\/uploads\/2026\/03\/golfclub-promo-6epPkBvN-1024x574-1-1.jpg 1024w, https:\/\/simgolfscandinavia.com\/wp-content\/uploads\/2026\/03\/golfclub-promo-6epPkBvN-1024x574-1-1-980x549.jpg 980w, https:\/\/simgolfscandinavia.com\/wp-content\/uploads\/2026\/03\/golfclub-promo-6epPkBvN-1024x574-1-1-480x269.jpg 480w\" sizes=\"(min-width: 0px) and (max-width: 480px) 480px, (min-width: 481px) and (max-width: 980px) 980px, (min-width: 981px) 1024px, 100vw\" class=\"wp-image-327\" \/><\/span><\/div>\n\n<div class=\"et_pb_group_3 et_pb_group et-last-child et_pb_module et_flex_group et_pb_css_mix_blend_mode_passthrough\">\n<div class=\"et_pb_icon_1 et_pb_icon et_pb_module et_flex_module\"><span class=\"et_pb_icon_wrap\"><span class=\"et-pb-icon\">\uf02b<\/span><\/span><\/div>\n\n<div class=\"et_pb_text_11 et_pb_text et_pb_bg_layout_light et_pb_module et_flex_module\"><div class=\"et_pb_text_inner\"><p>Kampagnestyring<\/p>\n<\/div><\/div>\n\n<div class=\"et_pb_text_12 et_pb_text et_pb_bg_layout_light et_pb_module et_flex_module\"><div class=\"et_pb_text_inner\"><p>Opret og tilpas dine egne kampagner nemt. Styr tilbud, rabatter og specialpriser direkte i systemet \u2013 helt fleksibelt og skr\u00e6ddersyet til din forretning. <\/p>\n<\/div><\/div>\n<\/div>\n<\/div>\n\n<div class=\"et_pb_column_6 et_pb_column et_flex_column et_pb_css_mix_blend_mode_passthrough et_flex_column_8_24 et_flex_column_12_24_tablet et_flex_column_24_24_phone et_flex_column_24_24_phoneWide et_flex_column_8_24_tabletWide\">\n<div class=\"et_pb_image_3 et_pb_image et_pb_module et_flex_module image-fit\"><span class=\"et_pb_image_wrap\"><img loading=\"lazy\" decoding=\"async\" src=\"https:\/\/simgolfscandinavia.com\/wp-content\/uploads\/2026\/03\/golfclub-promo-6epPkBvN-1024x574-1.jpg\" title=\"golfclub-promo-6epPkBvN-1024x574\" width=\"1024\" height=\"574\" srcset=\"https:\/\/simgolfscandinavia.com\/wp-content\/uploads\/2026\/03\/golfclub-promo-6epPkBvN-1024x574-1.jpg 1024w, https:\/\/simgolfscandinavia.com\/wp-content\/uploads\/2026\/03\/golfclub-promo-6epPkBvN-1024x574-1-980x549.jpg 980w, https:\/\/simgolfscandinavia.com\/wp-content\/uploads\/2026\/03\/golfclub-promo-6epPkBvN-1024x574-1-480x269.jpg 480w\" sizes=\"(min-width: 0px) and (max-width: 480px) 480px, (min-width: 481px) and (max-width: 980px) 980px, (min-width: 981px) 1024px, 100vw\" class=\"wp-image-326\" \/><\/span><\/div>\n\n<div class=\"et_pb_group_4 et_pb_group et-last-child et_pb_module et_flex_group et_pb_css_mix_blend_mode_passthrough\">\n<div class=\"et_pb_icon_2 et_pb_icon et_pb_module et_flex_module\"><span class=\"et_pb_icon_wrap\"><span class=\"et-pb-icon\">}<\/span><\/span><\/div>\n\n<div class=\"et_pb_text_13 et_pb_text et_pb_bg_layout_light et_pb_module et_flex_module\"><div class=\"et_pb_text_inner\"><p>Tids- og prisskema<\/p>\n<\/div><\/div>\n\n<div class=\"et_pb_text_14 et_pb_text et_pb_bg_layout_light et_pb_module et_flex_module\"><div class=\"et_pb_text_inner\"><p>Opret og tilpas dit eget booking- og prisskema i realtid. Styr priser efter tidspunkt, dag, bel\u00e6gning eller s\u00e6son \u2013 helt fleksibelt og altid opdateret. <\/p>\n<\/div><\/div>\n<\/div>\n<\/div>\n\n<div class=\"et_pb_column_7 et_pb_column et_flex_column et_pb_css_mix_blend_mode_passthrough et_flex_column_8_24 et_flex_column_12_24_tablet et_flex_column_24_24_phone et_flex_column_24_24_phoneWide et_flex_column_8_24_tabletWide\">\n<div class=\"et_pb_group_5 et_pb_group et-last-child et_pb_module et_flex_group et_pb_css_mix_blend_mode_passthrough\">\n<div class=\"et_pb_icon_3 et_pb_icon et_pb_module et_flex_module\"><span class=\"et_pb_icon_wrap\"><span class=\"et-pb-icon\">\uf09d<\/span><\/span><\/div>\n\n<div class=\"et_pb_text_15 et_pb_text et_pb_bg_layout_light et_pb_module et_flex_module\"><div class=\"et_pb_text_inner\"><p>Forudbetalte kort<\/p>\n<\/div><\/div>\n\n<div class=\"et_pb_text_16 et_pb_text et_pb_bg_layout_light et_pb_module et_flex_module\"><div class=\"et_pb_text_inner\"><p>Opret og administrer dine egne forudbetalte kort til dine kunder. Perfekt til gavekort, gavebeviser og loyalitetsl\u00f8sninger, der g\u00f8r det nemt at s\u00e6lge mere. <\/p>\n<\/div><\/div>\n<\/div>\n<\/div>\n\n<div class=\"et_pb_column_8 et_pb_column et_flex_column et_pb_css_mix_blend_mode_passthrough et_flex_column_8_24 et_flex_column_12_24_tablet et_flex_column_24_24_phone et_flex_column_24_24_phoneWide et_flex_column_8_24_tabletWide\">\n<div class=\"et_pb_image_4 et_pb_image et_pb_module et_flex_module image-fit\"><span class=\"et_pb_image_wrap\"><img loading=\"lazy\" decoding=\"async\" src=\"https:\/\/simgolfscandinavia.com\/wp-content\/uploads\/2026\/03\/golfclub-sales-DjJgdyiZ-1024x521-1.jpg\" title=\"golfclub-sales-DjJgdyiZ-1024x521\" width=\"1024\" height=\"521\" srcset=\"https:\/\/simgolfscandinavia.com\/wp-content\/uploads\/2026\/03\/golfclub-sales-DjJgdyiZ-1024x521-1.jpg 1024w, https:\/\/simgolfscandinavia.com\/wp-content\/uploads\/2026\/03\/golfclub-sales-DjJgdyiZ-1024x521-1-980x499.jpg 980w, https:\/\/simgolfscandinavia.com\/wp-content\/uploads\/2026\/03\/golfclub-sales-DjJgdyiZ-1024x521-1-480x244.jpg 480w\" sizes=\"(min-width: 0px) and (max-width: 480px) 480px, (min-width: 481px) and (max-width: 980px) 980px, (min-width: 981px) 1024px, 100vw\" class=\"wp-image-329\" \/><\/span><\/div>\n\n<div class=\"et_pb_group_6 et_pb_group et-last-child et_pb_module et_flex_group et_pb_css_mix_blend_mode_passthrough\">\n<div class=\"et_pb_icon_4 et_pb_icon et_pb_module et_flex_module\"><span class=\"et_pb_icon_wrap\"><span class=\"et-pb-icon\">\uf080<\/span><\/span><\/div>\n\n<div class=\"et_pb_text_17 et_pb_text et_pb_bg_layout_light et_pb_module et_flex_module\"><div class=\"et_pb_text_inner\"><p>Salgsrapporter<\/p>\n<\/div><\/div>\n\n<div class=\"et_pb_text_18 et_pb_text et_pb_bg_layout_light et_pb_module et_flex_module\"><div class=\"et_pb_text_inner\"><p>F\u00e5 et tydeligt overblik over alt dit salg og f\u00f8lg indt\u00e6gter over tid \u2013 nemt og overskueligt.<\/p>\n<\/div><\/div>\n<\/div>\n<\/div>\n\n<div class=\"et_pb_column_9 et_pb_column et-last-child et_flex_column et_pb_css_mix_blend_mode_passthrough et_flex_column_8_24 et_flex_column_12_24_tablet et_flex_column_24_24_phone et_flex_column_24_24_phoneWide et_flex_column_8_24_tabletWide\">\n<div class=\"et_pb_group_7 et_pb_group et-last-child et_pb_module et_flex_group et_pb_css_mix_blend_mode_passthrough\">\n<div class=\"et_pb_icon_5 et_pb_icon et_pb_module et_flex_module\"><span class=\"et_pb_icon_wrap\"><span class=\"et-pb-icon\">\uf3cd<\/span><\/span><\/div>\n\n<div class=\"et_pb_text_19 et_pb_text et_pb_bg_layout_light et_pb_module et_flex_module\"><div class=\"et_pb_text_inner\"><p>Mobilapp<\/p>\n<\/div><\/div>\n\n<div class=\"et_pb_text_20 et_pb_text et_pb_bg_layout_light et_pb_module et_flex_module\"><div class=\"et_pb_text_inner\"><p>Dine kunder kan nemt administrere deres bookinger, betale med forudbetalte kort og se tidligere transaktioner \u2013 direkte p\u00e5 mobilen. Tilg\u00e6ngelig p\u00e5 Google Play og App Store. <\/p>\n<\/div><\/div>\n<\/div>\n<\/div>\n<\/div>\n\n<div class=\"et_pb_row_4 et_pb_row et_flex_row\">\n<div class=\"et_pb_column_10 et_pb_column et-last-child et_flex_column et_pb_css_mix_blend_mode_passthrough et_flex_column_24_24 et_flex_column_24_24_tablet et_flex_column_24_24_phone et_flex_column_24_24_phoneWide et_flex_column_24_24_tabletWide\">\n<div class=\"et_pb_text_21 et_pb_text et_pb_bg_layout_light et_pb_module et_flex_module\"><div class=\"et_pb_text_inner\"><h2>Klar til at tage n\u00e6ste skridt?<\/h2>\n<\/div><\/div>\n\n<div class=\"et_pb_text_22 et_pb_text et_pb_bg_layout_light et_pb_module et_flex_module\"><div class=\"et_pb_text_inner\"><p>Kontakt os for en skr\u00e6ddersyet l\u00f8sning til din golfklub eller dit golfcenter.<\/p>\n<\/div><\/div>\n\n<div class=\"et_pb_group_8 et_pb_group et-last-child et_pb_module et_flex_group et_pb_css_mix_blend_mode_passthrough\">\n<div class=\"et_pb_module et_pb_button_module_wrapper et_pb_button_0_wrapper\"><a class=\"et_pb_button_0 et_pb_button et_pb_bg_layout_light et_pb_module et_flex_module\" href=\"https:\/\/simgolfscandinavia.com\/kontakta-oss\/\">Kontakt os<\/a><\/div>\n<\/div>\n<\/div>\n<\/div>\n<\/div>","protected":false},"excerpt":{"rendered":"","protected":false},"author":1,"featured_media":0,"parent":0,"menu_order":0,"comment_status":"closed","ping_status":"closed","template":"","meta":{"content-type":"","footnotes":""},"class_list":["post-870","page","type-page","status-publish","hentry"],"jetpack_sharing_enabled":true,"_links":{"self":[{"href":"https:\/\/simgolfscandinavia.com\/da\/wp-json\/wp\/v2\/pages\/870","targetHints":{"allow":["GET"]}}],"collection":[{"href":"https:\/\/simgolfscandinavia.com\/da\/wp-json\/wp\/v2\/pages"}],"about":[{"href":"https:\/\/simgolfscandinavia.com\/da\/wp-json\/wp\/v2\/types\/page"}],"author":[{"embeddable":true,"href":"https:\/\/simgolfscandinavia.com\/da\/wp-json\/wp\/v2\/users\/1"}],"replies":[{"embeddable":true,"href":"https:\/\/simgolfscandinavia.com\/da\/wp-json\/wp\/v2\/comments?post=870"}],"version-history":[{"count":3,"href":"https:\/\/simgolfscandinavia.com\/da\/wp-json\/wp\/v2\/pages\/870\/revisions"}],"predecessor-version":[{"id":1013,"href":"https:\/\/simgolfscandinavia.com\/da\/wp-json\/wp\/v2\/pages\/870\/revisions\/1013"}],"wp:attachment":[{"href":"https:\/\/simgolfscandinavia.com\/da\/wp-json\/wp\/v2\/media?parent=870"}],"curies":[{"name":"wp","href":"https:\/\/api.w.org\/{rel}","templated":true}]}}